{"id":83,"date":"2018-03-05T23:15:33","date_gmt":"2018-03-05T23:15:33","guid":{"rendered":"http:\/\/tonicases.cat?page_id=83"},"modified":"2018-12-27T12:03:55","modified_gmt":"2018-12-27T12:03:55","slug":"inspecciones","status":"publish","type":"page","link":"http:\/\/tonicases.cat\/es\/inspecciones\/","title":{"rendered":"Inspecciones"},"content":{"rendered":"<p>[et_pb_section bb_built=\u00bb1&#8243; fullwidth=\u00bbon\u00bb specialty=\u00bboff\u00bb next_background_color=\u00bb#000000&#8243;][et_pb_fullwidth_image _builder_version=\u00bb3.0.101&#8243; src=\u00bbhttp:\/\/tonicases.cat\/wp-content\/uploads\/2018\/02\/foto-inspeccions.jpg\u00bb show_in_lightbox=\u00bboff\u00bb url_new_window=\u00bboff\u00bb use_overlay=\u00bboff\u00bb \/][\/et_pb_section][et_pb_section bb_built=\u00bb1&#8243; prev_background_color=\u00bb#000000&#8243;][et_pb_row][et_pb_column type=\u00bb4_4&#8243;][et_pb_text admin_label=\u00bbInspecciones\u00bb _builder_version=\u00bb3.19&#8243;]<\/p>\n<h1 class=\"western\">Inspecciones<\/h1>\n<p><span class=\"tlid-translation translation\">Cada encargo es diferente y<strong> cada cliente tiene sus propias necesidades<\/strong>. En las conversaciones previas a la inspecci\u00f3n tomamos nota de los <strong>requerimientos espec\u00edficos<\/strong> y de las <strong>caracter\u00edsticas particulares<\/strong> de la embarcaci\u00f3n y proponemos un tipo de inspecci\u00f3n para satisfacer los objetivos requeridos.<\/span><\/p>\n<div class=\"text-wrap tlid-copy-target\">\n<div class=\"result-shield-container tlid-copy-target\">\n<p><span class=\"tlid-translation translation\">Nuestros servicios incluyen la inspecci\u00f3n de la embarcaci\u00f3n <strong>a flote<\/strong> con pruebas de estanqueidad, revisi\u00f3n de sentinas, puesta en marcha de motores y sistemas mec\u00e1nicos, hidr\u00e1ulicos, el\u00e9ctricos, electr\u00f3nicos, de seguridad y confort. Revisamos jarcias, velas y probamos la maniobra y el acastillatge.<br \/><strong>En seco<\/strong> se revisan los elementos estructurales interiores y exteriores con una detallada inspecci\u00f3n visual del casco por encima y por debajo de la l\u00ednea de flotaci\u00f3n, juntas casco-cubierta, juntas casco-quilla y timones. Realizamos pruebas de percusi\u00f3n, medici\u00f3n de humedad en cascos de composite y madera o ultrasonidos en buques met\u00e1licos as\u00ed como h\u00e9lices, ejes, transmisiones y pasacascos.<\/span><\/p>\n<p>A menudo hay que hacer tambi\u00e9n una <strong>prueba de mar<\/strong> en que se comprueba el rendimiento del barco a vela y motor y los sistemas importantes en condiciones reales.<\/p>\n<p>Todas las inspecciones se realizan bajo <strong>contrato<\/strong> una vez aceptado el presupuesto. Habr\u00e1 que gestionar los permisos para visitar la embarcaci\u00f3n, acceder a la marina o varadero y dejar la embarcaci\u00f3n en seco durante 24 horas antes de la inspecci\u00f3n fuera del agua. En la mayor\u00eda de casos se necesitan dos a tres d\u00edas completos para hacer una inspecci\u00f3n<\/p>\n<\/div>\n<\/div>\n<p>[\/et_pb_text][et_pb_divider _builder_version=\u00bb3.17.3&#8243; show_divider=\u00bboff\u00bb \/][et_pb_text admin_label=\u00bbTipos de inspecci\u00f3n\u00bb _builder_version=\u00bb3.19&#8243;]<\/p>\n<h2 class=\"western\">Tipos de inspecciones<\/h2>\n<div><span class=\"tlid-translation translation\"><strong>Inspecci\u00f3n pre-compra \/ Venta<\/strong>: Revisi\u00f3n exhaustiva a flote y en seco del buque, la estructura y el equipamiento que determina y proporciona un informe completo del estado del barco con una lista de trabajos requeridos, clasificados en urgentes, necesarios y recomendables. Esta inspecci\u00f3n permitir\u00e1 al comprador valorar la idoneidad de la embarcaci\u00f3n para el uso deseado y la negociaci\u00f3n del precio de venta. Ser\u00e1 aceptada por la compa\u00f1\u00eda de seguros y es imprescindible para una compra responsable. Un informe de inspecci\u00f3n actualizado y firmado por un t\u00e9cnico reputado es tambi\u00e9n un magn\u00edfico argumento de venta.<\/span><\/div>\n<div class=\"text-wrap tlid-copy-target\">\n<div class=\"result-shield-container tlid-copy-target\">\n<p><strong>Inspecci\u00f3n preliminar:<\/strong> Esta es una inspecci\u00f3n en que se da un vistazo general a la embarcaci\u00f3n sin profundizar en los elementos que permitir\u00edan determinar el estado real del barco. Sirve al comprador para descartar una embarcaci\u00f3n o decidir hacer una inspecci\u00f3n m\u00e1s profunda. Le ahorrar\u00e1 desplazamientos innecesarios y dispondr\u00e1 de la opini\u00f3n de un experto a un m\u00f3dico precio.<\/p>\n<p><strong>Inspecci\u00f3n Especifica:<\/strong> Inspecci\u00f3n de elementos o una parte determinada de la embarcaci\u00f3n como la estructura, el buque (\u00f3smosis, grado de humedad, espesores &#8230;) sistema el\u00e9ctrico, mec\u00e1nico, jarcia, velamen, maniobra &#8230; Ser\u00e1 muy \u00fatil al propietario o capit\u00e1n para determinar las mejoras o reparaciones a realizar y su alcance<\/p>\n<p><strong>Inspecci\u00f3n para seguros<\/strong>: Peritaje de las causas y alcance de los da\u00f1os causados \u200b\u200bal barco en un accidente as\u00ed como inspecciones para satisfacer los requisitos de seguridad y navegabilidad exigidos por las compa\u00f1\u00edas<\/p>\n<p><strong>Valoraci\u00f3n:<\/strong> Revisi\u00f3n para determinar el valor de mercado vigente de una embarcaci\u00f3n para su venta o financiaci\u00f3n<\/p>\n<\/div>\n<\/div>\n<p>[\/et_pb_text][et_pb_divider _builder_version=\u00bb3.17.3&#8243; show_divider=\u00bboff\u00bb \/][et_pb_text admin_label=\u00bbInformes\u00bb _builder_version=\u00bb3.19&#8243;]<\/p>\n<h2 class=\"western\">Informe de inspecci\u00f3n<\/h2>\n<p class=\"western\"><span class=\"tlid-translation translation\"><span class=\"\" title=\"\">Una vez<\/span> <span title=\"\">realizada y<\/span> <span title=\"\">procesada<\/span> <span title=\"\">la inspecci\u00f3n<\/span> <span class=\"\" title=\"\">redactamos<\/span> <span title=\"\">y entregamos<\/span> <span title=\"\">un <strong>informe<\/strong><\/span><strong> <span title=\"\">detallado<\/span> <span class=\"\" title=\"\">y firmado<\/span><\/strong> <span title=\"\">del estado<\/span> <span title=\"\">de la embarcaci\u00f3n,<\/span> <span class=\"\" title=\"\">los defectos<\/span> <span title=\"\">detectados<\/span><span title=\"\">, su<\/span> <span title=\"\">gravedad,<\/span> <span title=\"\">causas y<\/span> <span title=\"\">posibles<\/span> <span title=\"\">reparaciones<\/span> <span title=\"\">o mejoras<\/span><span title=\"\">.<\/span> <span title=\"\">Clasificadas en<\/span> <span title=\"\"><strong>urgentes<\/strong> (<\/span><span title=\"\">hay que hacerlas<\/span> <span title=\"\">inmediatamente<\/span> <span title=\"\">o antes<\/span> <span title=\"\">de<\/span> <span title=\"\">que<\/span> <span title=\"\">la embarcaci\u00f3n<\/span> <span title=\"\">vuelva a<\/span> <span title=\"\">navegar<\/span><span title=\"\">)<\/span><span title=\"\">,<\/span> <strong><span title=\"\">necesarias<\/span><\/strong> <span title=\"\">(es<\/span> <span title=\"\">necesario<\/span> <span title=\"\">hacerlas<\/span> <span title=\"\">en un plazo<\/span> <span title=\"\">determinado<\/span><span title=\"\">)<\/span> <span title=\"\">y <strong>recomendables<\/strong><\/span> <span title=\"\">(<\/span><span title=\"\">deber\u00edan<\/span> <span title=\"\">hacerse<\/span> <span title=\"\">pero no<\/span> <span title=\"\">afectan<\/span> <span title=\"\">a la seguridad,<\/span> <span title=\"\">estructura<\/span> <span title=\"\">o<\/span> <span title=\"\">maniobrabilidad<\/span><span title=\"\">)<\/span> <span title=\"\">Normalmente<\/span> <span title=\"\">se necesitan dos<\/span> <span title=\"\">o tres<\/span> <span title=\"\">d\u00edas<\/span> <span title=\"\">laborables<\/span> <span title=\"\">para procesar<\/span> <span title=\"\">la informaci\u00f3n y<\/span> <span title=\"\">redactar el informe<\/span><span title=\"\">.<\/span> <span title=\"\">Los informes<\/span> <span title=\"\">pueden<\/span> <span title=\"\">realizarse en<\/span> <span title=\"\">catal\u00e1n<\/span><span title=\"\">,<\/span> <span title=\"\">castellano o<\/span> <span title=\"\">ingl\u00e9s<\/span><\/span><\/p>\n<p>[\/et_pb_text][et_pb_divider _builder_version=\u00bb3.17.3&#8243; show_divider=\u00bboff\u00bb \/][et_pb_button admin_label=\u00bbPide presupuesto sin compromiso\u00bb _builder_version=\u00bb3.19&#8243; button_text=\u00bbPide presupuesto sin compromso\u00bb button_alignment=\u00bbcenter\u00bb background_layout=\u00bbdark\u00bb custom_button=\u00bbon\u00bb button_bg_color=\u00bb#d83a1e\u00bb button_border_radius=\u00bb23&#8243; button_use_icon=\u00bboff\u00bb button_text_size__hover_enabled=\u00bboff\u00bb button_text_size__hover=\u00bbnull\u00bb button_one_text_size__hover_enabled=\u00bboff\u00bb button_one_text_size__hover=\u00bbnull\u00bb button_two_text_size__hover_enabled=\u00bboff\u00bb button_two_text_size__hover=\u00bbnull\u00bb button_text_color__hover_enabled=\u00bboff\u00bb button_text_color__hover=\u00bbnull\u00bb button_one_text_color__hover_enabled=\u00bboff\u00bb button_one_text_color__hover=\u00bbnull\u00bb button_two_text_color__hover_enabled=\u00bboff\u00bb button_two_text_color__hover=\u00bbnull\u00bb button_border_width__hover_enabled=\u00bboff\u00bb button_border_width__hover=\u00bbnull\u00bb button_one_border_width__hover_enabled=\u00bboff\u00bb button_one_border_width__hover=\u00bbnull\u00bb button_two_border_width__hover_enabled=\u00bboff\u00bb button_two_border_width__hover=\u00bbnull\u00bb button_border_color__hover_enabled=\u00bboff\u00bb button_border_color__hover=\u00bbnull\u00bb button_one_border_color__hover_enabled=\u00bboff\u00bb button_one_border_color__hover=\u00bbnull\u00bb button_two_border_color__hover_enabled=\u00bboff\u00bb button_two_border_color__hover=\u00bbnull\u00bb button_border_radius__hover_enabled=\u00bboff\u00bb button_border_radius__hover=\u00bbnull\u00bb button_one_border_radius__hover_enabled=\u00bboff\u00bb button_one_border_radius__hover=\u00bbnull\u00bb button_two_border_radius__hover_enabled=\u00bboff\u00bb button_two_border_radius__hover=\u00bbnull\u00bb button_letter_spacing__hover_enabled=\u00bboff\u00bb button_letter_spacing__hover=\u00bbnull\u00bb button_one_letter_spacing__hover_enabled=\u00bboff\u00bb button_one_letter_spacing__hover=\u00bbnull\u00bb button_two_letter_spacing__hover_enabled=\u00bboff\u00bb button_two_letter_spacing__hover=\u00bbnull\u00bb button_bg_color__hover_enabled=\u00bboff\u00bb button_bg_color__hover=\u00bbnull\u00bb button_one_bg_color__hover_enabled=\u00bboff\u00bb button_one_bg_color__hover=\u00bbnull\u00bb button_two_bg_color__hover_enabled=\u00bboff\u00bb button_two_bg_color__hover=\u00bbnull\u00bb button_url=\u00bbhttp:\/\/tonicases.cat\/contacte\/\u00bb \/][\/et_pb_column][\/et_pb_row][\/et_pb_section]<\/p>\n","protected":false},"excerpt":{"rendered":"<p><div class=\"et_pb_row et_pb_row_0 et_pb_row_empty\">\n\t\t\t\t\n\t\t\t\t\n\t\t\t\t\n\t\t\t\t\n\t\t\t\t\n\t\t\t<\/div> InspeccionesCada encargo es diferente y cada cliente tiene sus propias necesidades. En las conversaciones previas a la inspecci\u00f3n tomamos nota de los requerimientos espec\u00edficos y de las caracter\u00edsticas particulares de la embarcaci\u00f3n y proponemos un tipo de inspecci\u00f3n para satisfacer los objetivos requeridos.Nuestros servicios incluyen la inspecci\u00f3n de la embarcaci\u00f3n a flote con pruebas [&hellip;]<\/p>\n","protected":false},"author":1,"featured_media":0,"parent":0,"menu_order":0,"comment_status":"closed","ping_status":"closed","template":"","meta":{"_et_pb_use_builder":"on","_et_pb_old_content":"","_et_gb_content_width":"","footnotes":""},"class_list":["post-83","page","type-page","status-publish","hentry"],"yoast_head":"<!-- This site is optimized with the Yoast SEO plugin v26.6 - https:\/\/yoast.com\/wordpress\/plugins\/seo\/ -->\n<title>Inspecciones - Toni Cases<\/title>\n<meta name=\"robots\" content=\"index, follow, max-snippet:-1, max-image-preview:large, max-video-preview:-1\" \/>\n<link rel=\"canonical\" href=\"http:\/\/tonicases.cat\/es\/inspecciones\/\" \/>\n<meta property=\"og:locale\" content=\"es_ES\" \/>\n<meta property=\"og:type\" content=\"article\" \/>\n<meta property=\"og:title\" content=\"Inspecciones - Toni Cases\" \/>\n<meta property=\"og:description\" content=\"InspeccionesCada encargo es diferente y cada cliente tiene sus propias necesidades. En las conversaciones previas a la inspecci\u00f3n tomamos nota de los requerimientos espec\u00edficos y de las caracter\u00edsticas particulares de la embarcaci\u00f3n y proponemos un tipo de inspecci\u00f3n para satisfacer los objetivos requeridos.Nuestros servicios incluyen la inspecci\u00f3n de la embarcaci\u00f3n a flote con pruebas [&hellip;]\" \/>\n<meta property=\"og:url\" content=\"http:\/\/tonicases.cat\/es\/inspecciones\/\" \/>\n<meta property=\"og:site_name\" content=\"Toni Cases\" \/>\n<meta property=\"article:modified_time\" content=\"2018-12-27T12:03:55+00:00\" \/>\n<meta name=\"twitter:label1\" content=\"Tiempo de lectura\" \/>\n\t<meta name=\"twitter:data1\" content=\"5 minutos\" \/>\n<script type=\"application\/ld+json\" class=\"yoast-schema-graph\">{\"@context\":\"https:\/\/schema.org\",\"@graph\":[{\"@type\":\"WebPage\",\"@id\":\"http:\/\/tonicases.cat\/es\/inspecciones\/\",\"url\":\"http:\/\/tonicases.cat\/es\/inspecciones\/\",\"name\":\"Inspecciones - Toni Cases\",\"isPartOf\":{\"@id\":\"https:\/\/tonicases.cat\/en\/#website\"},\"datePublished\":\"2018-03-05T23:15:33+00:00\",\"dateModified\":\"2018-12-27T12:03:55+00:00\",\"breadcrumb\":{\"@id\":\"http:\/\/tonicases.cat\/es\/inspecciones\/#breadcrumb\"},\"inLanguage\":\"es\",\"potentialAction\":[{\"@type\":\"ReadAction\",\"target\":[\"http:\/\/tonicases.cat\/es\/inspecciones\/\"]}]},{\"@type\":\"BreadcrumbList\",\"@id\":\"http:\/\/tonicases.cat\/es\/inspecciones\/#breadcrumb\",\"itemListElement\":[{\"@type\":\"ListItem\",\"position\":1,\"name\":\"Inicio\",\"item\":\"http:\/\/tonicases.cat\/es\/\"},{\"@type\":\"ListItem\",\"position\":2,\"name\":\"Inspecciones\"}]},{\"@type\":\"WebSite\",\"@id\":\"https:\/\/tonicases.cat\/en\/#website\",\"url\":\"https:\/\/tonicases.cat\/en\/\",\"name\":\"Toni Cases\",\"description\":\"Yacht Surveyor\",\"publisher\":{\"@id\":\"https:\/\/tonicases.cat\/en\/#\/schema\/person\/7d11ccc10b7c7f07f8a97ab47bcd0671\"},\"potentialAction\":[{\"@type\":\"SearchAction\",\"target\":{\"@type\":\"EntryPoint\",\"urlTemplate\":\"https:\/\/tonicases.cat\/en\/?s={search_term_string}\"},\"query-input\":{\"@type\":\"PropertyValueSpecification\",\"valueRequired\":true,\"valueName\":\"search_term_string\"}}],\"inLanguage\":\"es\"},{\"@type\":[\"Person\",\"Organization\"],\"@id\":\"https:\/\/tonicases.cat\/en\/#\/schema\/person\/7d11ccc10b7c7f07f8a97ab47bcd0671\",\"name\":\"Toni Cases\",\"image\":{\"@type\":\"ImageObject\",\"inLanguage\":\"es\",\"@id\":\"https:\/\/tonicases.cat\/en\/#\/schema\/person\/image\/\",\"url\":\"http:\/\/tonicases.cat\/wp-content\/uploads\/2018\/08\/IMG_7621.jpg\",\"contentUrl\":\"http:\/\/tonicases.cat\/wp-content\/uploads\/2018\/08\/IMG_7621.jpg\",\"width\":2816,\"height\":2112,\"caption\":\"Toni Cases\"},\"logo\":{\"@id\":\"https:\/\/tonicases.cat\/en\/#\/schema\/person\/image\/\"}}]}<\/script>\n<!-- \/ Yoast SEO plugin. -->","yoast_head_json":{"title":"Inspecciones - Toni Cases","robots":{"index":"index","follow":"follow","max-snippet":"max-snippet:-1","max-image-preview":"max-image-preview:large","max-video-preview":"max-video-preview:-1"},"canonical":"http:\/\/tonicases.cat\/es\/inspecciones\/","og_locale":"es_ES","og_type":"article","og_title":"Inspecciones - Toni Cases","og_description":"InspeccionesCada encargo es diferente y cada cliente tiene sus propias necesidades. En las conversaciones previas a la inspecci\u00f3n tomamos nota de los requerimientos espec\u00edficos y de las caracter\u00edsticas particulares de la embarcaci\u00f3n y proponemos un tipo de inspecci\u00f3n para satisfacer los objetivos requeridos.Nuestros servicios incluyen la inspecci\u00f3n de la embarcaci\u00f3n a flote con pruebas [&hellip;]","og_url":"http:\/\/tonicases.cat\/es\/inspecciones\/","og_site_name":"Toni Cases","article_modified_time":"2018-12-27T12:03:55+00:00","twitter_misc":{"Tiempo de lectura":"5 minutos"},"schema":{"@context":"https:\/\/schema.org","@graph":[{"@type":"WebPage","@id":"http:\/\/tonicases.cat\/es\/inspecciones\/","url":"http:\/\/tonicases.cat\/es\/inspecciones\/","name":"Inspecciones - Toni Cases","isPartOf":{"@id":"https:\/\/tonicases.cat\/en\/#website"},"datePublished":"2018-03-05T23:15:33+00:00","dateModified":"2018-12-27T12:03:55+00:00","breadcrumb":{"@id":"http:\/\/tonicases.cat\/es\/inspecciones\/#breadcrumb"},"inLanguage":"es","potentialAction":[{"@type":"ReadAction","target":["http:\/\/tonicases.cat\/es\/inspecciones\/"]}]},{"@type":"BreadcrumbList","@id":"http:\/\/tonicases.cat\/es\/inspecciones\/#breadcrumb","itemListElement":[{"@type":"ListItem","position":1,"name":"Inicio","item":"http:\/\/tonicases.cat\/es\/"},{"@type":"ListItem","position":2,"name":"Inspecciones"}]},{"@type":"WebSite","@id":"https:\/\/tonicases.cat\/en\/#website","url":"https:\/\/tonicases.cat\/en\/","name":"Toni Cases","description":"Yacht Surveyor","publisher":{"@id":"https:\/\/tonicases.cat\/en\/#\/schema\/person\/7d11ccc10b7c7f07f8a97ab47bcd0671"},"potentialAction":[{"@type":"SearchAction","target":{"@type":"EntryPoint","urlTemplate":"https:\/\/tonicases.cat\/en\/?s={search_term_string}"},"query-input":{"@type":"PropertyValueSpecification","valueRequired":true,"valueName":"search_term_string"}}],"inLanguage":"es"},{"@type":["Person","Organization"],"@id":"https:\/\/tonicases.cat\/en\/#\/schema\/person\/7d11ccc10b7c7f07f8a97ab47bcd0671","name":"Toni Cases","image":{"@type":"ImageObject","inLanguage":"es","@id":"https:\/\/tonicases.cat\/en\/#\/schema\/person\/image\/","url":"http:\/\/tonicases.cat\/wp-content\/uploads\/2018\/08\/IMG_7621.jpg","contentUrl":"http:\/\/tonicases.cat\/wp-content\/uploads\/2018\/08\/IMG_7621.jpg","width":2816,"height":2112,"caption":"Toni Cases"},"logo":{"@id":"https:\/\/tonicases.cat\/en\/#\/schema\/person\/image\/"}}]}},"_links":{"self":[{"href":"http:\/\/tonicases.cat\/es\/wp-json\/wp\/v2\/pages\/83","targetHints":{"allow":["GET"]}}],"collection":[{"href":"http:\/\/tonicases.cat\/es\/wp-json\/wp\/v2\/pages"}],"about":[{"href":"http:\/\/tonicases.cat\/es\/wp-json\/wp\/v2\/types\/page"}],"author":[{"embeddable":true,"href":"http:\/\/tonicases.cat\/es\/wp-json\/wp\/v2\/users\/1"}],"replies":[{"embeddable":true,"href":"http:\/\/tonicases.cat\/es\/wp-json\/wp\/v2\/comments?post=83"}],"version-history":[{"count":0,"href":"http:\/\/tonicases.cat\/es\/wp-json\/wp\/v2\/pages\/83\/revisions"}],"wp:attachment":[{"href":"http:\/\/tonicases.cat\/es\/wp-json\/wp\/v2\/media?parent=83"}],"curies":[{"name":"wp","href":"https:\/\/api.w.org\/{rel}","templated":true}]}}